{"id":146,"date":"2016-01-26T20:16:12","date_gmt":"2016-01-26T19:16:12","guid":{"rendered":"http:\/\/www.fondazioneinternazionale.org\/?page_id=146"},"modified":"2023-11-25T18:05:02","modified_gmt":"2023-11-25T17:05:02","slug":"sistema-trieste","status":"publish","type":"page","link":"https:\/\/fondazioneinternazionale.org\/it\/lente\/sistema-trieste\/","title":{"rendered":"Sistema Trieste"},"content":{"rendered":"<p>[et_pb_section fb_built=&#8221;1&#8243; admin_label=&#8221;section&#8221; _builder_version=&#8221;4.22.1&#8243; global_colors_info=&#8221;{}&#8221; theme_builder_area=&#8221;post_content&#8221;][et_pb_row admin_label=&#8221;row&#8221; _builder_version=&#8221;4.22.1&#8243; background_size=&#8221;initial&#8221; background_position=&#8221;top_left&#8221; background_repeat=&#8221;repeat&#8221; global_colors_info=&#8221;{}&#8221; theme_builder_area=&#8221;post_content&#8221;][et_pb_column type=&#8221;4_4&#8243; _builder_version=&#8221;4.16&#8243; custom_padding=&#8221;|||&#8221; global_colors_info=&#8221;{}&#8221; custom_padding__hover=&#8221;|||&#8221; theme_builder_area=&#8221;post_content&#8221;][et_pb_text admin_label=&#8221;La FIT e il Sistema Trieste&#8221; _builder_version=&#8221;4.23.1&#8243; background_size=&#8221;initial&#8221; background_position=&#8221;top_left&#8221; background_repeat=&#8221;repeat&#8221; text_orientation=&#8221;justified&#8221; hover_enabled=&#8221;0&#8243; use_border_color=&#8221;off&#8221; border_color=&#8221;#ffffff&#8221; border_style=&#8221;solid&#8221; global_colors_info=&#8221;{}&#8221; theme_builder_area=&#8221;post_content&#8221; sticky_enabled=&#8221;0&#8243;]<\/p>\n<h2>FIT e il Sistema Trieste<\/h2>\n<p>La Fondazione Internazionale Trieste ha promosso il Sistema Trieste (ST), noto nel mondo come <strong>Sistema delle Scienze delle Nazioni Unite<\/strong>.<\/p>\n<p>Il ST \u00e8 considerato ai pi\u00f9 alti livelli politici mondiali come uno degli <strong>strumenti di sviluppo sostenibile pi\u00f9 adeguati<\/strong> per fronteggiare l&#8217;enorme e crescente divario tra il Nord industrializzato ed il Sud povero del pianeta, fonte di crisi, instabilit\u00e0, violenze e, in ultima analisi, anche del terrorismo.<\/p>\n<p>Il Sistema Trieste consta di istituti internazionali di ricerca, perlopi\u00f9 dedicati alla promozione della ricerca nei paesi in Via di Sviluppo.[\/et_pb_text][\/et_pb_column][\/et_pb_row][\/et_pb_section][et_pb_section fb_built=&#8221;1&#8243; custom_padding_last_edited=&#8221;off|phone&#8221; disabled_on=&#8221;off|off|off&#8221; _builder_version=&#8221;4.21.0&#8243; background_color=&#8221;#ffffff&#8221; custom_padding=&#8221;0px||||false|false&#8221; custom_padding_tablet=&#8221;0px|0|50px|0|false|false&#8221; transparent_background=&#8221;off&#8221; make_fullwidth=&#8221;off&#8221; use_custom_width=&#8221;off&#8221; width_unit=&#8221;on&#8221; global_module=&#8221;252447&#8243; saved_tabs=&#8221;all&#8221; global_colors_info=&#8221;{}&#8221; theme_builder_area=&#8221;post_content&#8221;][et_pb_row admin_label=&#8221;row&#8221; _builder_version=&#8221;4.16&#8243; background_size=&#8221;initial&#8221; background_position=&#8221;top_left&#8221; background_repeat=&#8221;repeat&#8221; width=&#8221;90%&#8221; width_tablet=&#8221;90%&#8221; width_phone=&#8221;90%&#8221; width_last_edited=&#8221;on|desktop&#8221; global_colors_info=&#8221;{}&#8221; theme_builder_area=&#8221;post_content&#8221;][et_pb_column type=&#8221;4_4&#8243; _builder_version=&#8221;4.16&#8243; custom_padding=&#8221;|||&#8221; global_colors_info=&#8221;{}&#8221; custom_padding__hover=&#8221;|||&#8221; theme_builder_area=&#8221;post_content&#8221;][et_pb_text admin_label=&#8221;Partner&#8221; _builder_version=&#8221;4.22.1&#8243; header_2_text_align=&#8221;center&#8221; background_size=&#8221;initial&#8221; background_position=&#8221;top_left&#8221; background_repeat=&#8221;repeat&#8221; use_border_color=&#8221;off&#8221; border_color=&#8221;#ffffff&#8221; border_style=&#8221;solid&#8221; global_colors_info=&#8221;{}&#8221; theme_builder_area=&#8221;post_content&#8221;]<\/p>\n<h2>Partner<\/h2>\n<p>[\/et_pb_text][\/et_pb_column][\/et_pb_row][et_pb_row column_structure=&#8221;1_4,1_4,1_4,1_4&#8243; admin_label=&#8221;Riga&#8221; _builder_version=&#8221;4.22.1&#8243; background_size=&#8221;initial&#8221; background_position=&#8221;top_left&#8221; background_repeat=&#8221;repeat&#8221; width=&#8221;90%&#8221; width_tablet=&#8221;90%&#8221; width_phone=&#8221;90%&#8221; width_last_edited=&#8221;on|desktop&#8221; global_colors_info=&#8221;{}&#8221; theme_builder_area=&#8221;post_content&#8221;][et_pb_column type=&#8221;1_4&#8243; _builder_version=&#8221;4.16&#8243; custom_padding=&#8221;|||&#8221; global_colors_info=&#8221;{}&#8221; custom_padding__hover=&#8221;|||&#8221; theme_builder_area=&#8221;post_content&#8221;][et_pb_blurb url=&#8221;https:\/\/www.areasciencepark.it\/&#8221; url_new_window=&#8221;on&#8221; image=&#8221;https:\/\/fondazioneinternazionale.org\/wp-content\/uploads\/2023\/09\/Area-Science-Park-e1694712951486.png&#8221; alt=&#8221;Area Science Park&#8221; image_icon_width=&#8221;70%&#8221; image_icon_width_tablet=&#8221;50%&#8221; image_icon_width_phone=&#8221;50%&#8221; image_icon_width_last_edited=&#8221;on|phone&#8221; admin_label=&#8221;Area Science Park&#8221; _builder_version=&#8221;4.22.1&#8243; background_size=&#8221;initial&#8221; background_position=&#8221;top_left&#8221; background_repeat=&#8221;repeat&#8221; text_orientation=&#8221;center&#8221; animation=&#8221;off&#8221; use_border_color=&#8221;off&#8221; border_color=&#8221;#ffffff&#8221; border_style=&#8221;solid&#8221; image_max_width=&#8221;none&#8221; use_circle=&#8221;off&#8221; use_circle_border=&#8221;off&#8221; circle_border_color=&#8221;#006699&#8243; circle_color=&#8221;#006699&#8243; global_colors_info=&#8221;{}&#8221; theme_builder_area=&#8221;post_content&#8221;][\/et_pb_blurb][\/et_pb_column][et_pb_column type=&#8221;1_4&#8243; _builder_version=&#8221;4.16&#8243; custom_padding=&#8221;|||&#8221; global_colors_info=&#8221;{}&#8221; custom_padding__hover=&#8221;|||&#8221; theme_builder_area=&#8221;post_content&#8221;][et_pb_blurb url=&#8221;https:\/\/www.icgeb.org\/&#8221; url_new_window=&#8221;on&#8221; image=&#8221;https:\/\/fondazioneinternazionale.org\/wp-content\/uploads\/2023\/09\/ICGEB-testo-e1694713181312.png&#8221; alt=&#8221;ICGEB International Centre for Genetic Engineering and Biotechnology&#8221; image_icon_width_tablet=&#8221;70%&#8221; image_icon_width_phone=&#8221;70%&#8221; image_icon_width_last_edited=&#8221;on|tablet&#8221; admin_label=&#8221;ICGEB&#8221; _builder_version=&#8221;4.22.1&#8243; background_size=&#8221;initial&#8221; background_position=&#8221;top_left&#8221; background_repeat=&#8221;repeat&#8221; text_orientation=&#8221;center&#8221; animation=&#8221;off&#8221; use_border_color=&#8221;off&#8221; border_color=&#8221;#ffffff&#8221; border_style=&#8221;solid&#8221; image_max_width=&#8221;none&#8221; use_circle=&#8221;off&#8221; use_circle_border=&#8221;off&#8221; circle_border_color=&#8221;#006699&#8243; circle_color=&#8221;#006699&#8243; global_colors_info=&#8221;{}&#8221; theme_builder_area=&#8221;post_content&#8221;][\/et_pb_blurb][\/et_pb_column][et_pb_column type=&#8221;1_4&#8243; _builder_version=&#8221;4.16&#8243; custom_padding=&#8221;|||&#8221; global_colors_info=&#8221;{}&#8221; custom_padding__hover=&#8221;|||&#8221; theme_builder_area=&#8221;post_content&#8221;][et_pb_blurb url=&#8221;http:\/\/www.ictp.it\/&#8221; url_new_window=&#8221;on&#8221; image=&#8221;https:\/\/fondazioneinternazionale.org\/wp-content\/uploads\/2023\/09\/ictp-testo-e1694713160449.png&#8221; alt=&#8221;The Abdus Salam International Centre for Theoretical Physics (ICTP)&#8221; image_icon_width_tablet=&#8221;70%&#8221; image_icon_width_phone=&#8221;70%&#8221; image_icon_width_last_edited=&#8221;on|tablet&#8221; admin_label=&#8221;ictp&#8221; _builder_version=&#8221;4.22.1&#8243; background_size=&#8221;initial&#8221; background_position=&#8221;top_left&#8221; background_repeat=&#8221;repeat&#8221; text_orientation=&#8221;center&#8221; animation=&#8221;off&#8221; use_border_color=&#8221;off&#8221; border_color=&#8221;#ffffff&#8221; border_style=&#8221;solid&#8221; image_max_width=&#8221;none&#8221; use_circle=&#8221;off&#8221; use_circle_border=&#8221;off&#8221; circle_border_color=&#8221;#006699&#8243; circle_color=&#8221;#006699&#8243; global_colors_info=&#8221;{}&#8221; theme_builder_area=&#8221;post_content&#8221;][\/et_pb_blurb][\/et_pb_column][et_pb_column type=&#8221;1_4&#8243; _builder_version=&#8221;4.16&#8243; custom_padding=&#8221;|||&#8221; global_colors_info=&#8221;{}&#8221; custom_padding__hover=&#8221;|||&#8221; theme_builder_area=&#8221;post_content&#8221;][et_pb_blurb title=&#8221;Immaginario Scientifico&#8221; url=&#8221;https:\/\/www.immaginarioscientifico.it\/&#8221; url_new_window=&#8221;on&#8221; image=&#8221;https:\/\/fondazioneinternazionale.org\/wp-content\/uploads\/2023\/09\/IS.png&#8221; alt=&#8221;ICGEB International Centre for Genetic Engineering and Biotechnology&#8221; image_icon_width_tablet=&#8221;70%&#8221; image_icon_width_phone=&#8221;70%&#8221; image_icon_width_last_edited=&#8221;on|tablet&#8221; admin_label=&#8221;Immaginario Scientifico&#8221; _builder_version=&#8221;4.22.1&#8243; header_text_color=&#8221;#E02B20&#8243; background_size=&#8221;initial&#8221; background_position=&#8221;top_left&#8221; background_repeat=&#8221;repeat&#8221; text_orientation=&#8221;center&#8221; animation=&#8221;off&#8221; use_border_color=&#8221;off&#8221; border_color=&#8221;#ffffff&#8221; border_style=&#8221;solid&#8221; image_max_width=&#8221;none&#8221; use_circle=&#8221;off&#8221; use_circle_border=&#8221;off&#8221; circle_border_color=&#8221;#006699&#8243; circle_color=&#8221;#006699&#8243; global_colors_info=&#8221;{}&#8221; theme_builder_area=&#8221;post_content&#8221;][\/et_pb_blurb][\/et_pb_column][\/et_pb_row][et_pb_row column_structure=&#8221;1_4,1_4,1_4,1_4&#8243; admin_label=&#8221;Riga&#8221; _builder_version=&#8221;4.22.1&#8243; background_size=&#8221;initial&#8221; background_position=&#8221;top_left&#8221; background_repeat=&#8221;repeat&#8221; width=&#8221;90%&#8221; width_tablet=&#8221;90%&#8221; width_phone=&#8221;90%&#8221; width_last_edited=&#8221;on|desktop&#8221; global_colors_info=&#8221;{}&#8221; theme_builder_area=&#8221;post_content&#8221;][et_pb_column type=&#8221;1_4&#8243; _builder_version=&#8221;4.16&#8243; custom_padding=&#8221;|||&#8221; global_colors_info=&#8221;{}&#8221; custom_padding__hover=&#8221;|||&#8221; theme_builder_area=&#8221;post_content&#8221;][et_pb_blurb url=&#8221;http:\/\/www.ogs.trieste.it\/&#8221; url_new_window=&#8221;on&#8221; image=&#8221;https:\/\/fondazioneinternazionale.org\/wp-content\/uploads\/2023\/09\/OGS_logo-500-e1694713406698.png&#8221; alt=&#8221;ICGEB International Centre for Genetic Engineering and Biotechnology&#8221; image_icon_width_tablet=&#8221;70%&#8221; image_icon_width_phone=&#8221;70%&#8221; image_icon_width_last_edited=&#8221;on|tablet&#8221; admin_label=&#8221;OGS&#8221; _builder_version=&#8221;4.22.1&#8243; background_size=&#8221;initial&#8221; background_position=&#8221;top_left&#8221; background_repeat=&#8221;repeat&#8221; text_orientation=&#8221;center&#8221; animation=&#8221;off&#8221; use_border_color=&#8221;off&#8221; border_color=&#8221;#ffffff&#8221; border_style=&#8221;solid&#8221; image_max_width=&#8221;none&#8221; use_circle=&#8221;off&#8221; use_circle_border=&#8221;off&#8221; circle_border_color=&#8221;#006699&#8243; circle_color=&#8221;#006699&#8243; global_colors_info=&#8221;{}&#8221; theme_builder_area=&#8221;post_content&#8221;][\/et_pb_blurb][\/et_pb_column][et_pb_column type=&#8221;1_4&#8243; _builder_version=&#8221;4.16&#8243; custom_padding=&#8221;|||&#8221; global_colors_info=&#8221;{}&#8221; custom_padding__hover=&#8221;|||&#8221; theme_builder_area=&#8221;post_content&#8221;][et_pb_blurb url=&#8221;https:\/\/www.elettra.eu\/&#8221; url_new_window=&#8221;on&#8221; image=&#8221;https:\/\/fondazioneinternazionale.org\/wp-content\/uploads\/2023\/09\/Elettra-e1694713136955.png&#8221; alt=&#8221;ICGEB International Centre for Genetic Engineering and Biotechnology&#8221; image_icon_width_tablet=&#8221;70%&#8221; image_icon_width_phone=&#8221;70%&#8221; image_icon_width_last_edited=&#8221;on|tablet&#8221; admin_label=&#8221;Sincrotrone Elettra&#8221; _builder_version=&#8221;4.22.1&#8243; background_size=&#8221;initial&#8221; background_position=&#8221;top_left&#8221; background_repeat=&#8221;repeat&#8221; text_orientation=&#8221;center&#8221; animation=&#8221;off&#8221; use_border_color=&#8221;off&#8221; border_color=&#8221;#ffffff&#8221; border_style=&#8221;solid&#8221; image_max_width=&#8221;none&#8221; use_circle=&#8221;off&#8221; use_circle_border=&#8221;off&#8221; circle_border_color=&#8221;#006699&#8243; circle_color=&#8221;#006699&#8243; global_colors_info=&#8221;{}&#8221; theme_builder_area=&#8221;post_content&#8221;][\/et_pb_blurb][\/et_pb_column][et_pb_column type=&#8221;1_4&#8243; _builder_version=&#8221;4.16&#8243; custom_padding=&#8221;|||&#8221; global_colors_info=&#8221;{}&#8221; custom_padding__hover=&#8221;|||&#8221; theme_builder_area=&#8221;post_content&#8221;][et_pb_blurb url=&#8221;https:\/\/www.sissa.it\/&#8221; url_new_window=&#8221;on&#8221; image=&#8221;https:\/\/fondazioneinternazionale.org\/wp-content\/uploads\/2023\/09\/SISSA-quadrato.png&#8221; alt=&#8221;ICGEB International Centre for Genetic Engineering and Biotechnology&#8221; image_icon_width=&#8221;70%&#8221; image_icon_width_tablet=&#8221;50%&#8221; image_icon_width_phone=&#8221;50%&#8221; image_icon_width_last_edited=&#8221;on|phone&#8221; admin_label=&#8221;SISSA&#8221; _builder_version=&#8221;4.22.1&#8243; background_size=&#8221;initial&#8221; background_position=&#8221;top_left&#8221; background_repeat=&#8221;repeat&#8221; text_orientation=&#8221;center&#8221; animation=&#8221;off&#8221; use_border_color=&#8221;off&#8221; border_color=&#8221;#ffffff&#8221; border_style=&#8221;solid&#8221; image_max_width=&#8221;none&#8221; use_circle=&#8221;off&#8221; use_circle_border=&#8221;off&#8221; circle_border_color=&#8221;#006699&#8243; circle_color=&#8221;#006699&#8243; global_colors_info=&#8221;{}&#8221; theme_builder_area=&#8221;post_content&#8221;][\/et_pb_blurb][\/et_pb_column][et_pb_column type=&#8221;1_4&#8243; _builder_version=&#8221;4.16&#8243; custom_padding=&#8221;|||&#8221; global_colors_info=&#8221;{}&#8221; custom_padding__hover=&#8221;|||&#8221; theme_builder_area=&#8221;post_content&#8221;][et_pb_blurb url=&#8221;https:\/\/twas.org\/&#8221; url_new_window=&#8221;on&#8221; image=&#8221;https:\/\/fondazioneinternazionale.org\/wp-content\/uploads\/2023\/09\/Twas-intero.png&#8221; alt=&#8221;ICGEB International Centre for Genetic Engineering and Biotechnology&#8221; image_icon_width=&#8221;80%&#8221; image_icon_width_tablet=&#8221;60%&#8221; image_icon_width_phone=&#8221;60%&#8221; image_icon_width_last_edited=&#8221;on|phone&#8221; admin_label=&#8221;twas&#8221; _builder_version=&#8221;4.22.1&#8243; background_size=&#8221;initial&#8221; background_position=&#8221;top_left&#8221; background_repeat=&#8221;repeat&#8221; text_orientation=&#8221;center&#8221; animation=&#8221;off&#8221; use_border_color=&#8221;off&#8221; border_color=&#8221;#ffffff&#8221; border_style=&#8221;solid&#8221; image_max_width=&#8221;none&#8221; use_circle=&#8221;off&#8221; use_circle_border=&#8221;off&#8221; circle_border_color=&#8221;#006699&#8243; circle_color=&#8221;#006699&#8243; global_colors_info=&#8221;{}&#8221; theme_builder_area=&#8221;post_content&#8221;][\/et_pb_blurb][\/et_pb_column][\/et_pb_row][et_pb_row column_structure=&#8221;1_4,1_4,1_4,1_4&#8243; admin_label=&#8221;Riga&#8221; _builder_version=&#8221;4.22.1&#8243; background_size=&#8221;initial&#8221; background_position=&#8221;top_left&#8221; background_repeat=&#8221;repeat&#8221; width=&#8221;90%&#8221; width_tablet=&#8221;90%&#8221; width_phone=&#8221;90%&#8221; width_last_edited=&#8221;on|desktop&#8221; global_colors_info=&#8221;{}&#8221; theme_builder_area=&#8221;post_content&#8221;][et_pb_column type=&#8221;1_4&#8243; _builder_version=&#8221;4.16&#8243; custom_padding=&#8221;|||&#8221; global_colors_info=&#8221;{}&#8221; custom_padding__hover=&#8221;|||&#8221; theme_builder_area=&#8221;post_content&#8221;][et_pb_blurb url=&#8221;https:\/\/www.units.it\/&#8221; url_new_window=&#8221;on&#8221; image=&#8221;https:\/\/fondazioneinternazionale.org\/wp-content\/uploads\/2023\/09\/logo_units_3righe.jpg&#8221; alt=&#8221;ICGEB International Centre for Genetic Engineering and Biotechnology&#8221; image_icon_width_tablet=&#8221;70%&#8221; image_icon_width_phone=&#8221;70%&#8221; image_icon_width_last_edited=&#8221;on|tablet&#8221; admin_label=&#8221;Universit\u00e0 degli Studi di Trieste&#8221; _builder_version=&#8221;4.22.1&#8243; background_size=&#8221;initial&#8221; background_position=&#8221;top_left&#8221; background_repeat=&#8221;repeat&#8221; text_orientation=&#8221;center&#8221; animation=&#8221;off&#8221; use_border_color=&#8221;off&#8221; border_color=&#8221;#ffffff&#8221; border_style=&#8221;solid&#8221; image_max_width=&#8221;none&#8221; use_circle=&#8221;off&#8221; use_circle_border=&#8221;off&#8221; circle_border_color=&#8221;#006699&#8243; circle_color=&#8221;#006699&#8243; global_colors_info=&#8221;{}&#8221; theme_builder_area=&#8221;post_content&#8221;][\/et_pb_blurb][\/et_pb_column][et_pb_column type=&#8221;1_4&#8243; _builder_version=&#8221;4.16&#8243; custom_padding=&#8221;|||&#8221; global_colors_info=&#8221;{}&#8221; custom_padding__hover=&#8221;|||&#8221; theme_builder_area=&#8221;post_content&#8221;][et_pb_blurb url=&#8221;https:\/\/www.uniud.it\/&#8221; url_new_window=&#8221;on&#8221; image=&#8221;https:\/\/fondazioneinternazionale.org\/wp-content\/uploads\/2023\/09\/UNI-UD-scritta.png&#8221; alt=&#8221;ICGEB International Centre for Genetic Engineering and Biotechnology&#8221; image_icon_width_tablet=&#8221;70%&#8221; image_icon_width_phone=&#8221;70%&#8221; image_icon_width_last_edited=&#8221;on|tablet&#8221; admin_label=&#8221;Universit\u00e0 degli Studi di Udine&#8221; _builder_version=&#8221;4.22.1&#8243; background_size=&#8221;initial&#8221; background_position=&#8221;top_left&#8221; background_repeat=&#8221;repeat&#8221; text_orientation=&#8221;center&#8221; animation=&#8221;off&#8221; use_border_color=&#8221;off&#8221; border_color=&#8221;#ffffff&#8221; border_style=&#8221;solid&#8221; image_max_width=&#8221;none&#8221; use_circle=&#8221;off&#8221; use_circle_border=&#8221;off&#8221; circle_border_color=&#8221;#006699&#8243; circle_color=&#8221;#006699&#8243; global_colors_info=&#8221;{}&#8221; theme_builder_area=&#8221;post_content&#8221;][\/et_pb_blurb][\/et_pb_column][et_pb_column type=&#8221;1_4&#8243; _builder_version=&#8221;4.16&#8243; custom_padding=&#8221;|||&#8221; global_colors_info=&#8221;{}&#8221; custom_padding__hover=&#8221;|||&#8221; theme_builder_area=&#8221;post_content&#8221;][et_pb_image src=&#8221;https:\/\/fondazioneinternazionale.org\/wp-content\/uploads\/2023\/10\/logo_sier.gif&#8221; alt=&#8221;La Scuola di Introduzione alle Energie Rinnovabili&#8221; title_text=&#8221;SIER, La Scuola di Introduzione alle Energie Rinnovabili&#8221; url=&#8221;https:\/\/scuola-rinnovabili.uniud.it\/&#8221; url_new_window=&#8221;on&#8221; align=&#8221;center&#8221; admin_label=&#8221;SIER&#8221; _builder_version=&#8221;4.22.2&#8243; _module_preset=&#8221;default&#8221; global_colors_info=&#8221;{}&#8221; theme_builder_area=&#8221;post_content&#8221;][\/et_pb_image][\/et_pb_column][et_pb_column type=&#8221;1_4&#8243; _builder_version=&#8221;4.16&#8243; custom_padding=&#8221;|||&#8221; global_colors_info=&#8221;{}&#8221; custom_padding__hover=&#8221;|||&#8221; theme_builder_area=&#8221;post_content&#8221;][\/et_pb_column][\/et_pb_row][\/et_pb_section]<\/p>\n","protected":false},"excerpt":{"rendered":"<p>Costituito dalle principali istituzioni scientifiche della citt\u00e0, il Sistema Trieste \u00e8 considerato internazionalmente uno dei migliori strumenti di sviluppo sostenibile.<\/p>\n","protected":false},"author":1,"featured_media":252717,"parent":252896,"menu_order":20,"comment_status":"closed","ping_status":"closed","template":"","meta":{"_et_pb_use_builder":"on","_et_pb_old_content":"","_et_gb_content_width":"","footnotes":""},"class_list":["post-146","page","type-page","status-publish","has-post-thumbnail","hentry"],"_links":{"self":[{"href":"https:\/\/fondazioneinternazionale.org\/it\/wp-json\/wp\/v2\/pages\/146","targetHints":{"allow":["GET"]}}],"collection":[{"href":"https:\/\/fondazioneinternazionale.org\/it\/wp-json\/wp\/v2\/pages"}],"about":[{"href":"https:\/\/fondazioneinternazionale.org\/it\/wp-json\/wp\/v2\/types\/page"}],"author":[{"embeddable":true,"href":"https:\/\/fondazioneinternazionale.org\/it\/wp-json\/wp\/v2\/users\/1"}],"replies":[{"embeddable":true,"href":"https:\/\/fondazioneinternazionale.org\/it\/wp-json\/wp\/v2\/comments?post=146"}],"version-history":[{"count":25,"href":"https:\/\/fondazioneinternazionale.org\/it\/wp-json\/wp\/v2\/pages\/146\/revisions"}],"predecessor-version":[{"id":254045,"href":"https:\/\/fondazioneinternazionale.org\/it\/wp-json\/wp\/v2\/pages\/146\/revisions\/254045"}],"up":[{"embeddable":true,"href":"https:\/\/fondazioneinternazionale.org\/it\/wp-json\/wp\/v2\/pages\/252896"}],"wp:featuredmedia":[{"embeddable":true,"href":"https:\/\/fondazioneinternazionale.org\/it\/wp-json\/wp\/v2\/media\/252717"}],"wp:attachment":[{"href":"https:\/\/fondazioneinternazionale.org\/it\/wp-json\/wp\/v2\/media?parent=146"}],"curies":[{"name":"wp","href":"https:\/\/api.w.org\/{rel}","templated":true}]}}