{"id":252053,"date":"2023-09-11T11:44:25","date_gmt":"2023-09-11T09:44:25","guid":{"rendered":"https:\/\/fondazioneinternazionale.org\/?page_id=252053"},"modified":"2024-11-20T09:52:42","modified_gmt":"2024-11-20T08:52:42","slug":"iupap","status":"publish","type":"page","link":"https:\/\/fondazioneinternazionale.org\/it\/iupap\/","title":{"rendered":"IUPAP"},"content":{"rendered":"<p>[et_pb_section fb_built=&#8221;1&#8243; _builder_version=&#8221;4.22.1&#8243; _module_preset=&#8221;default&#8221; global_colors_info=&#8221;{}&#8221;][et_pb_row _builder_version=&#8221;4.22.1&#8243; _module_preset=&#8221;default&#8221; global_colors_info=&#8221;{}&#8221;][et_pb_column type=&#8221;4_4&#8243; _builder_version=&#8221;4.22.1&#8243; _module_preset=&#8221;default&#8221; global_colors_info=&#8221;{}&#8221;][et_pb_image src=&#8221;https:\/\/fondazioneinternazionale.org\/wp-content\/uploads\/2023\/09\/IUPAP-simbolo.png&#8221; alt=&#8221;IUPAP International Union of Pure and Applied Physics&#8221; title_text=&#8221;IUPAP-simbolo&#8221; _builder_version=&#8221;4.22.1&#8243; _module_preset=&#8221;default&#8221; width=&#8221;200px&#8221; global_colors_info=&#8221;{}&#8221;][\/et_pb_image][et_pb_text _builder_version=&#8221;4.23.1&#8243; _module_preset=&#8221;default&#8221; global_colors_info=&#8221;{}&#8221;]<\/p>\n<p>IUPAP \u00e8 l&#8217;acronimo di International Union of Pure and Applied Physics, ovvero Unione Internazionale di Fisica Pura e Applicata; \u00e8 un&#8217;organizzazione internazionale non governativa che rappresenta la comunit\u00e0 mondiale della fisica. IUPAP \u00e8 stata fondata nel 1922 e ha sede sociale a Ginevra; ha lo scopo di promuovere la fisica pura e applicata, di facilitare la comunicazione tra i fisici di tutto il mondo e di promuovere l&#8217;uso della fisica per il bene dell&#8217;umanit\u00e0.<\/p>\n<p>Nel 2021 IUPAP ha trasferito la sede amministrativa a Trieste presso FIT, che fornisce a IUPAP supporto logistico e amministrativo; le due organizzazioni collaborano strettamente per promuovere la ricerca scientifica e la diffusione della fisica a Trieste e nel mondo. La nuova sede IUPAP a Trieste \u00e8 stata realizzata da FIT in occasione di ESOF 2020 e si trova nella Sottostazione Elettrica di Porto Vecchio.<\/p>\n<p>Il 9 ottobre 2023 si \u00e8 svolta a Ginevra la 32\u00aa Assemblea Generale IUPAP: la nuova segreteria amministrativa gestita da FIT \u00e8 stata elogiata per la sua efficienza (<a href=\"https:\/\/www.primapagina.sif.it\/article\/1769\/the-international-union-of-pure-and-applied-physics\" target=\"_blank\" rel=\"noopener\">articolo sul sito della Societ\u00e0 Italiana di Fisica<\/a>).<\/p>\n<p>Per maggiori informazioni: <a href=\"https:\/\/iupap.org\/\" target=\"_blank\" rel=\"noopener\">iupap.org<\/a><\/p>\n<p>[\/et_pb_text][et_pb_text admin_label=&#8221;IUPAP notizie&#8221; _builder_version=&#8221;4.27.3&#8243; _module_preset=&#8221;default&#8221; text_font=&#8221;|||||on|||&#8221; hover_enabled=&#8221;0&#8243; saved_tabs=&#8221;all&#8221; global_colors_info=&#8221;{}&#8221; locked=&#8221;off&#8221; sticky_enabled=&#8221;0&#8243;]<\/p>\n<h3>IUPAP notizie<\/h3>\n<p>[\/et_pb_text][et_pb_blog fullwidth=&#8221;off&#8221; posts_number=&#8221;15&#8243; include_categories=&#8221;583&#8243; show_more=&#8221;on&#8221; show_author=&#8221;off&#8221; show_date=&#8221;off&#8221; show_categories=&#8221;off&#8221; masonry_tile_background_color=&#8221;#f4f4f4&#8243; _builder_version=&#8221;4.27.3&#8243; header_text_align=&#8221;left&#8221; header_font_size=&#8221;16px&#8221; body_text_align=&#8221;left&#8221; body_font_size=&#8221;12&#8243; meta_font=&#8221;||on||&#8221; meta_font_size=&#8221;12&#8243; read_more_font=&#8221;|||on|||||&#8221; text_orientation=&#8221;justified&#8221; hover_enabled=&#8221;0&#8243; pagination_font_size_tablet=&#8221;51&#8243; pagination_line_height_tablet=&#8221;2&#8243; border_width_all=&#8221;0px&#8221; border_color_all=&#8221;#006699&#8243; border_width_bottom=&#8221;1px&#8221; box_shadow_style=&#8221;preset1&#8243; box_shadow_vertical=&#8221;1px&#8221; box_shadow_blur=&#8221;5px&#8221; box_shadow_color=&#8221;rgba(0,0,0,.1)&#8221; border_style=&#8221;solid&#8221; use_dropshadow=&#8221;on&#8221; locked=&#8221;off&#8221; global_colors_info=&#8221;{}&#8221; sticky_enabled=&#8221;0&#8243;][\/et_pb_blog][\/et_pb_column][\/et_pb_row][\/et_pb_section]<\/p>\n","protected":false},"excerpt":{"rendered":"<p>FIT \u00e8 la segreteria amministrativa dell&#8217;International Union of Pure and Applied Physics, unica organizzazione internazionale organizzata e gestita direttamente dalle comunit\u00e0 scientifiche.<\/p>\n","protected":false},"author":1,"featured_media":252711,"parent":0,"menu_order":0,"comment_status":"closed","ping_status":"closed","template":"","meta":{"_et_pb_use_builder":"on","_et_pb_old_content":"","_et_gb_content_width":"","footnotes":""},"class_list":["post-252053","page","type-page","status-publish","has-post-thumbnail","hentry"],"_links":{"self":[{"href":"https:\/\/fondazioneinternazionale.org\/it\/wp-json\/wp\/v2\/pages\/252053","targetHints":{"allow":["GET"]}}],"collection":[{"href":"https:\/\/fondazioneinternazionale.org\/it\/wp-json\/wp\/v2\/pages"}],"about":[{"href":"https:\/\/fondazioneinternazionale.org\/it\/wp-json\/wp\/v2\/types\/page"}],"author":[{"embeddable":true,"href":"https:\/\/fondazioneinternazionale.org\/it\/wp-json\/wp\/v2\/users\/1"}],"replies":[{"embeddable":true,"href":"https:\/\/fondazioneinternazionale.org\/it\/wp-json\/wp\/v2\/comments?post=252053"}],"version-history":[{"count":30,"href":"https:\/\/fondazioneinternazionale.org\/it\/wp-json\/wp\/v2\/pages\/252053\/revisions"}],"predecessor-version":[{"id":254822,"href":"https:\/\/fondazioneinternazionale.org\/it\/wp-json\/wp\/v2\/pages\/252053\/revisions\/254822"}],"wp:featuredmedia":[{"embeddable":true,"href":"https:\/\/fondazioneinternazionale.org\/it\/wp-json\/wp\/v2\/media\/252711"}],"wp:attachment":[{"href":"https:\/\/fondazioneinternazionale.org\/it\/wp-json\/wp\/v2\/media?parent=252053"}],"curies":[{"name":"wp","href":"https:\/\/api.w.org\/{rel}","templated":true}]}}