{"id":255390,"date":"2026-05-04T19:33:41","date_gmt":"2026-05-04T17:33:41","guid":{"rendered":"https:\/\/fondazioneinternazionale.org\/?page_id=255390"},"modified":"2026-05-05T17:01:35","modified_gmt":"2026-05-05T15:01:35","slug":"scuole-sull-energia","status":"publish","type":"page","link":"https:\/\/fondazioneinternazionale.org\/it\/scuole-sull-energia\/","title":{"rendered":"Scuole sull&#8217;energia"},"content":{"rendered":"<p>[et_pb_section fb_built=&#8221;1&#8243; _builder_version=&#8221;4.27.6&#8243; _module_preset=&#8221;default&#8221; custom_padding=&#8221;0px||||false|false&#8221; global_colors_info=&#8221;{}&#8221;][et_pb_row _builder_version=&#8221;4.22.1&#8243; _module_preset=&#8221;default&#8221; global_colors_info=&#8221;{}&#8221;][et_pb_column type=&#8221;4_4&#8243; _builder_version=&#8221;4.22.1&#8243; _module_preset=&#8221;default&#8221; global_colors_info=&#8221;{}&#8221;][et_pb_text admin_label=&#8221;Il Friuli Venezia Giulia&#8221; _builder_version=&#8221;4.27.6&#8243; _module_preset=&#8221;default&#8221; global_colors_info=&#8221;{}&#8221;]<\/p>\n<p><strong>Il Friuli Venezia Giulia \u00e8, da sempre, terra di scienza e innovazione.<\/strong>\u00a0In un&#8217;epoca in cui la transizione energetica non \u00e8 pi\u00f9 un&#8217;opzione ma una necessit\u00e0 globale, la nostra regione si pone all&#8217;avanguardia offrendo percorsi formativi unici nel panorama internazionale.<br \/>Come\u00a0Fondazione Internazionale Trieste (FIT), siamo orgogliosi di sostenere e promuovere le &#8220;Scuole sull&#8217;Energia&#8221;, ecosistemi di apprendimento dove il sapere accademico incontra l&#8217;esperienza pratica e la visione industriale. Che si tratti di esplorare i fondamenti tecnologici o di comprendere le dinamiche dei mercati green, i nostri programmi sono pensati per formare i protagonisti della sostenibilit\u00e0 di domani.<\/p>\n<p>[\/et_pb_text][et_pb_text admin_label=&#8221;Due Percorsi, Un Unico Obiettivo&#8221; _builder_version=&#8221;4.27.6&#8243; _module_preset=&#8221;default&#8221; hover_enabled=&#8221;0&#8243; global_colors_info=&#8221;{}&#8221; sticky_enabled=&#8221;0&#8243;]<\/p>\n<h2>Due percorsi, un unico obiettivo<\/h2>\n<p>L&#8217;offerta formativa, <strong>in lingua inglese<\/strong>, si articola attraverso due pilastri complementari:<\/p>\n<ul>\n<li><strong>Scuola di Introduzione alle Energie Rinnovabili<\/strong>:\u00a0il punto di partenza ideale per chi vuole &#8220;toccare con mano&#8221; l&#8217;innovazione. Attraverso laboratori pratici\u00a0hands-on\u00a0e un focus sulle eccellenze del territorio, questa scuola trasforma la curiosit\u00e0 in competenza, fornendo gli strumenti necessari per navigare i mercati locali e internazionali delle tecnologie verdi. D\u00e0 diritto all&#8217;acquisizione di 6 CFU (Crediti Formativi Universitari).<\/li>\n<li><strong>Summer School &#8220;Giacomo Ciamician&#8221;<\/strong>:\u00a0un&#8217;immersione residenziale di cinque giorni nel cuore delle Dolomiti. Nata sotto l&#8217;egida dell&#8217;Universit\u00e0 di Trieste nel 2010, questa scuola offre una visione a 360 gradi sulle sfide tecnologiche e socio-economiche del settore energetico, in un ambiente che favorisce il dialogo diretto tra studenti e massimi esperti globali.<\/li>\n<\/ul>\n<p>[\/et_pb_text][et_pb_text admin_label=&#8221;Perch\u00e9 partecipare?&#8221; _builder_version=&#8221;4.27.6&#8243; _module_preset=&#8221;default&#8221; hover_enabled=&#8221;0&#8243; global_colors_info=&#8221;{}&#8221; sticky_enabled=&#8221;0&#8243;]<\/p>\n<h2>Perch\u00e9 partecipare?<\/h2>\n<p>Non vengono offerte semplici lezioni, ma\u00a0<strong>occasioni di networking<\/strong>. Partecipare a queste scuole significa entrare a far parte di una comunit\u00e0 di ricercatori, professionisti e giovani talenti che credono che l&#8217;energia sia la pi\u00f9 grande opportunit\u00e0 del nostro secolo.<\/p>\n<blockquote><p><em>Esplora i corsi, scopri le realt\u00e0 del territorio e preparati a dare il tuo contributo alla sfida energetica.<\/em><\/p><\/blockquote>\n<p>[\/et_pb_text][\/et_pb_column][\/et_pb_row][et_pb_row column_structure=&#8221;1_2,1_2&#8243; _builder_version=&#8221;4.27.6&#8243; _module_preset=&#8221;default&#8221; global_colors_info=&#8221;{}&#8221;][et_pb_column type=&#8221;1_2&#8243; _builder_version=&#8221;4.27.6&#8243; _module_preset=&#8221;default&#8221; global_colors_info=&#8221;{}&#8221;][et_pb_image src=&#8221;https:\/\/fondazioneinternazionale.org\/wp-content\/uploads\/2023\/10\/logo_sier.gif&#8221; alt=&#8221;La Scuola di Introduzione alle Energie Rinnovabili&#8221; title_text=&#8221;logo_sier&#8221; url=&#8221;https:\/\/sier.uniud.it\/&#8221; url_new_window=&#8221;on&#8221; show_bottom_space=&#8221;off&#8221; align=&#8221;center&#8221; admin_label=&#8221;SIER&#8221; _builder_version=&#8221;4.27.6&#8243; _module_preset=&#8221;default&#8221; width=&#8221;200px&#8221; global_colors_info=&#8221;{}&#8221;][\/et_pb_image][et_pb_button button_url=&#8221;https:\/\/sier.uniud.it\/&#8221; url_new_window=&#8221;on&#8221; button_text=&#8221;Iscriviti alla Scuola Rinnovabili&#8221; button_alignment=&#8221;center&#8221; _builder_version=&#8221;4.27.6&#8243; _module_preset=&#8221;default&#8221; custom_button=&#8221;on&#8221; button_text_size=&#8221;18px&#8221; button_letter_spacing=&#8221;1px&#8221; button_icon=&#8221;&#x26;||divi||400&#8243; button_on_hover=&#8221;off&#8221; locked=&#8221;off&#8221; global_colors_info=&#8221;{}&#8221;][\/et_pb_button][\/et_pb_column][et_pb_column type=&#8221;1_2&#8243; _builder_version=&#8221;4.27.6&#8243; _module_preset=&#8221;default&#8221; global_colors_info=&#8221;{}&#8221;][et_pb_image src=&#8221;https:\/\/fondazioneinternazionale.org\/wp-content\/uploads\/2026\/05\/logo-school-on-energy.gif&#8221; alt=&#8221;Summer Schook on Energy Giacomo Ciamician&#8221; title_text=&#8221;logo-school-on-energy&#8221; url=&#8221;https:\/\/awarenergy.units.it\/&#8221; url_new_window=&#8221;on&#8221; show_bottom_space=&#8221;off&#8221; align=&#8221;center&#8221; admin_label=&#8221;Summer School&#8221; _builder_version=&#8221;4.27.6&#8243; _module_preset=&#8221;default&#8221; global_colors_info=&#8221;{}&#8221;][\/et_pb_image][et_pb_button button_url=&#8221;https:\/\/awarenergy.units.it\/&#8221; url_new_window=&#8221;on&#8221; button_text=&#8221;Scopri il programma Ciamician&#8221; button_alignment=&#8221;center&#8221; _builder_version=&#8221;4.27.6&#8243; _module_preset=&#8221;default&#8221; custom_button=&#8221;on&#8221; button_text_size=&#8221;18px&#8221; button_letter_spacing=&#8221;1px&#8221; button_icon=&#8221;&#x26;||divi||400&#8243; button_on_hover=&#8221;off&#8221; locked=&#8221;off&#8221; global_colors_info=&#8221;{}&#8221;][\/et_pb_button][\/et_pb_column][\/et_pb_row][\/et_pb_section]<\/p>\n","protected":false},"excerpt":{"rendered":"<p>Progettare il Futuro, Insieme<\/p>\n","protected":false},"author":1,"featured_media":255412,"parent":0,"menu_order":0,"comment_status":"closed","ping_status":"closed","template":"","meta":{"_et_pb_use_builder":"on","_et_pb_old_content":"","_et_gb_content_width":"","footnotes":""},"class_list":["post-255390","page","type-page","status-publish","has-post-thumbnail","hentry"],"_links":{"self":[{"href":"https:\/\/fondazioneinternazionale.org\/it\/wp-json\/wp\/v2\/pages\/255390","targetHints":{"allow":["GET"]}}],"collection":[{"href":"https:\/\/fondazioneinternazionale.org\/it\/wp-json\/wp\/v2\/pages"}],"about":[{"href":"https:\/\/fondazioneinternazionale.org\/it\/wp-json\/wp\/v2\/types\/page"}],"author":[{"embeddable":true,"href":"https:\/\/fondazioneinternazionale.org\/it\/wp-json\/wp\/v2\/users\/1"}],"replies":[{"embeddable":true,"href":"https:\/\/fondazioneinternazionale.org\/it\/wp-json\/wp\/v2\/comments?post=255390"}],"version-history":[{"count":15,"href":"https:\/\/fondazioneinternazionale.org\/it\/wp-json\/wp\/v2\/pages\/255390\/revisions"}],"predecessor-version":[{"id":255420,"href":"https:\/\/fondazioneinternazionale.org\/it\/wp-json\/wp\/v2\/pages\/255390\/revisions\/255420"}],"wp:featuredmedia":[{"embeddable":true,"href":"https:\/\/fondazioneinternazionale.org\/it\/wp-json\/wp\/v2\/media\/255412"}],"wp:attachment":[{"href":"https:\/\/fondazioneinternazionale.org\/it\/wp-json\/wp\/v2\/media?parent=255390"}],"curies":[{"name":"wp","href":"https:\/\/api.w.org\/{rel}","templated":true}]}}